{"id":626,"date":"2017-01-31T16:54:27","date_gmt":"2017-01-31T16:54:27","guid":{"rendered":"http:\/\/globalsp.net\/es\/?page_id=626"},"modified":"2017-02-01T12:21:19","modified_gmt":"2017-02-01T12:21:19","slug":"servicios-roleadora-cnc","status":"publish","type":"page","link":"https:\/\/globalsp.net\/es\/nuestros-servicios\/servicios-roleadora-cnc\/","title":{"rendered":"Servicios de Roleadora CNC"},"content":{"rendered":"<p>[vc_row row_type=\u00bbrow\u00bb use_row_as_full_screen_section=\u00bbno\u00bb type=\u00bbgrid\u00bb angled_section=\u00bbno\u00bb text_align=\u00bbleft\u00bb background_image_as_pattern=\u00bbwithout_pattern\u00bb padding_top=\u00bb40&#8243; padding_bottom=\u00bb40&#8243; css_animation=\u00bb\u00bb][vc_column][vc_column_text]<\/p>\n<h1>Servicios de Roleadora CNC<\/h1>\n<p>[\/vc_column_text][vc_empty_space height=\u00bb10px\u00bb][\/vc_column][\/vc_row][vc_row row_type=\u00bbrow\u00bb use_row_as_full_screen_section=\u00bbno\u00bb type=\u00bbgrid\u00bb angled_section=\u00bbno\u00bb text_align=\u00bbleft\u00bb background_image_as_pattern=\u00bbwithout_pattern\u00bb background_color=\u00bb#1a1a1a\u00bb padding_top=\u00bb40&#8243; padding_bottom=\u00bb40&#8243; css_animation=\u00bb\u00bb el_class=\u00bbtext-light list-clean\u00bb][vc_column width=\u00bb1\/2&#8243;][vc_separator type=\u00bbnormal\u00bb transparency=\u00bb0&#8243; up=\u00bb10&#8243; down=\u00bb10&#8243;][vc_column_text]La m\u00e1quina Roleadora CNC\u00a0capaz de doblar laminas desde 6mm y hasta 50mm de espesor, esta nos permite realizar:[\/vc_column_text][\/vc_column][vc_column width=\u00bb1\/2&#8243;][vc_column_text]<\/p>\n<ul>\n<li>Doblez de l\u00e1minas para fabricaci\u00f3n de cuerpos de recipientes a presi\u00f3n<\/li>\n<li>Fabricaci\u00f3n de tanques para todo tipo de industrias<\/li>\n<li>Fabricaci\u00f3n de perfiles<\/li>\n<li>Fabricaci\u00f3n de cualquier elemento doblado<\/li>\n<\/ul>\n<p>[\/vc_column_text][\/vc_column][\/vc_row][vc_row row_type=\u00bbrow\u00bb use_row_as_full_screen_section=\u00bbno\u00bb type=\u00bbfull_width\u00bb angled_section=\u00bbno\u00bb text_align=\u00bbleft\u00bb background_image_as_pattern=\u00bbwithout_pattern\u00bb row_negative_margin=\u00bbdisable_negative_margin\u00bb padding_top=\u00bb40&#8243; padding_bottom=\u00bb60&#8243; css_animation=\u00bb\u00bb][vc_column][vc_gallery type=\u00bbimage_grid\u00bb images=\u00bb653,652&#8243; img_size=\u00bb150&#215;150&#8243; column_number=\u00bb0&#8243; grayscale=\u00bbno\u00bb images_space=\u00bbgallery_with_space\u00bb el_class=\u00bbbox-margin\u00bb][vc_separator type=\u00bbnormal\u00bb transparency=\u00bb0&#8243; up=\u00bb20&#8243; down=\u00bb20&#8243;]<a  itemprop=\"url\" href=\"https:\/\/globalsp.net\/es\/nuestros-servicios#panel\" target=\"_self\"  class=\"qbutton  default\" style=\"\">Volver a Servicios<\/a>[\/vc_column][\/vc_row]<\/p>\n","protected":false},"excerpt":{"rendered":"<p>[vc_row row_type=\u00bbrow\u00bb use_row_as_full_screen_section=\u00bbno\u00bb type=\u00bbgrid\u00bb angled_section=\u00bbno\u00bb text_align=\u00bbleft\u00bb background_image_as_pattern=\u00bbwithout_pattern\u00bb padding_top=\u00bb40&#8243; padding_bottom=\u00bb40&#8243; css_animation=\u00bb\u00bb][vc_column][vc_column_text] Servicios de Roleadora CNC [\/vc_column_text][vc_empty_space height=\u00bb10px\u00bb][\/vc_column][\/vc_row][vc_row row_type=\u00bbrow\u00bb use_row_as_full_screen_section=\u00bbno\u00bb type=\u00bbgrid\u00bb angled_section=\u00bbno\u00bb text_align=\u00bbleft\u00bb background_image_as_pattern=\u00bbwithout_pattern\u00bb background_color=\u00bb#1a1a1a\u00bb padding_top=\u00bb40&#8243; padding_bottom=\u00bb40&#8243; css_animation=\u00bb\u00bb el_class=\u00bbtext-light list-clean\u00bb][vc_column width=\u00bb1\/2&#8243;][vc_separator type=\u00bbnormal\u00bb transparency=\u00bb0&#8243; up=\u00bb10&#8243; down=\u00bb10&#8243;][vc_column_text]La m\u00e1quina Roleadora CNC\u00a0capaz de doblar laminas desde 6mm y hasta 50mm de&#8230;<\/p>\n","protected":false},"author":2,"featured_media":651,"parent":223,"menu_order":0,"comment_status":"closed","ping_status":"closed","template":"full_width.php","meta":{"footnotes":""},"_links":{"self":[{"href":"https:\/\/globalsp.net\/es\/wp-json\/wp\/v2\/pages\/626"}],"collection":[{"href":"https:\/\/globalsp.net\/es\/wp-json\/wp\/v2\/pages"}],"about":[{"href":"https:\/\/globalsp.net\/es\/wp-json\/wp\/v2\/types\/page"}],"author":[{"embeddable":true,"href":"https:\/\/globalsp.net\/es\/wp-json\/wp\/v2\/users\/2"}],"replies":[{"embeddable":true,"href":"https:\/\/globalsp.net\/es\/wp-json\/wp\/v2\/comments?post=626"}],"version-history":[{"count":3,"href":"https:\/\/globalsp.net\/es\/wp-json\/wp\/v2\/pages\/626\/revisions"}],"predecessor-version":[{"id":699,"href":"https:\/\/globalsp.net\/es\/wp-json\/wp\/v2\/pages\/626\/revisions\/699"}],"up":[{"embeddable":true,"href":"https:\/\/globalsp.net\/es\/wp-json\/wp\/v2\/pages\/223"}],"wp:featuredmedia":[{"embeddable":true,"href":"https:\/\/globalsp.net\/es\/wp-json\/wp\/v2\/media\/651"}],"wp:attachment":[{"href":"https:\/\/globalsp.net\/es\/wp-json\/wp\/v2\/media?parent=626"}],"curies":[{"name":"wp","href":"https:\/\/api.w.org\/{rel}","templated":true}]}}