{"id":622,"date":"2017-01-31T16:47:59","date_gmt":"2017-01-31T16:47:59","guid":{"rendered":"http:\/\/globalsp.net\/es\/?page_id=622"},"modified":"2017-02-01T12:06:07","modified_gmt":"2017-02-01T12:06:07","slug":"servicios-corte-plasma-tubos","status":"publish","type":"page","link":"https:\/\/globalsp.net\/es\/nuestros-servicios\/servicios-corte-plasma-tubos\/","title":{"rendered":"Servicios de Corte por Plasma (Tubos)"},"content":{"rendered":"<p>[vc_row row_type=\u00bbrow\u00bb use_row_as_full_screen_section=\u00bbno\u00bb type=\u00bbgrid\u00bb angled_section=\u00bbno\u00bb text_align=\u00bbleft\u00bb background_image_as_pattern=\u00bbwithout_pattern\u00bb padding_top=\u00bb40&#8243; padding_bottom=\u00bb40&#8243; css_animation=\u00bb\u00bb][vc_column][vc_column_text]<\/p>\n<h1>Servicios de Corte por Plasma (Tubos)<\/h1>\n<p>[\/vc_column_text][vc_empty_space height=\u00bb10px\u00bb][\/vc_column][\/vc_row][vc_row row_type=\u00bbrow\u00bb use_row_as_full_screen_section=\u00bbno\u00bb type=\u00bbgrid\u00bb angled_section=\u00bbno\u00bb text_align=\u00bbleft\u00bb background_image_as_pattern=\u00bbwithout_pattern\u00bb background_color=\u00bb#1a1a1a\u00bb padding_top=\u00bb40&#8243; padding_bottom=\u00bb40&#8243; css_animation=\u00bb\u00bb el_class=\u00bbtext-light list-clean\u00bb][vc_column width=\u00bb1\/2&#8243;][vc_separator type=\u00bbnormal\u00bb transparency=\u00bb0&#8243; up=\u00bb10&#8243; down=\u00bb10&#8243;][vc_column_text]Adem\u00e1s, con una cortadora de tubos por plasma, la cual es capaz de cortar tubos de hasta 12m de largo, con di\u00e1metros desde 2-24\u201d y de hasta 1,5\u201d de espesor con la cual es posible:[\/vc_column_text][\/vc_column][vc_column width=\u00bb1\/2&#8243;][vc_column_text]<\/p>\n<ul>\n<li>Realizar cortes de tuber\u00edas con alta precisi\u00f3n garantizando el m\u00e1ximo aprovechamiento de material<\/li>\n<li>Realizar biselado interno y externo<\/li>\n<li>Realizar perforaciones<\/li>\n<li>Realizar tipo de corte \u201cBoca de Sapo\u201d<\/li>\n<\/ul>\n<p>[\/vc_column_text][\/vc_column][\/vc_row][vc_row row_type=\u00bbrow\u00bb use_row_as_full_screen_section=\u00bbno\u00bb type=\u00bbfull_width\u00bb angled_section=\u00bbno\u00bb text_align=\u00bbleft\u00bb background_image_as_pattern=\u00bbwithout_pattern\u00bb row_negative_margin=\u00bbdisable_negative_margin\u00bb padding_top=\u00bb40&#8243; padding_bottom=\u00bb60&#8243; css_animation=\u00bb\u00bb][vc_column][vc_gallery type=\u00bbimage_grid\u00bb images=\u00bb655,654&#8243; img_size=\u00bb150&#215;150&#8243; column_number=\u00bb0&#8243; grayscale=\u00bbno\u00bb images_space=\u00bbgallery_with_space\u00bb el_class=\u00bbbox-margin\u00bb][vc_separator type=\u00bbnormal\u00bb transparency=\u00bb0&#8243; up=\u00bb20&#8243; down=\u00bb20&#8243;]<a  itemprop=\"url\" href=\"https:\/\/globalsp.net\/es\/nuestros-servicios#panel\" target=\"_self\"  class=\"qbutton  default\" style=\"\">Volver a Servicios<\/a>[\/vc_column][\/vc_row]<\/p>\n","protected":false},"excerpt":{"rendered":"<p>[vc_row row_type=\u00bbrow\u00bb use_row_as_full_screen_section=\u00bbno\u00bb type=\u00bbgrid\u00bb angled_section=\u00bbno\u00bb text_align=\u00bbleft\u00bb background_image_as_pattern=\u00bbwithout_pattern\u00bb padding_top=\u00bb40&#8243; padding_bottom=\u00bb40&#8243; css_animation=\u00bb\u00bb][vc_column][vc_column_text] Servicios de Corte por Plasma (Tubos) [\/vc_column_text][vc_empty_space height=\u00bb10px\u00bb][\/vc_column][\/vc_row][vc_row row_type=\u00bbrow\u00bb use_row_as_full_screen_section=\u00bbno\u00bb type=\u00bbgrid\u00bb angled_section=\u00bbno\u00bb text_align=\u00bbleft\u00bb background_image_as_pattern=\u00bbwithout_pattern\u00bb background_color=\u00bb#1a1a1a\u00bb padding_top=\u00bb40&#8243; padding_bottom=\u00bb40&#8243; css_animation=\u00bb\u00bb el_class=\u00bbtext-light list-clean\u00bb][vc_column width=\u00bb1\/2&#8243;][vc_separator type=\u00bbnormal\u00bb transparency=\u00bb0&#8243; up=\u00bb10&#8243; down=\u00bb10&#8243;][vc_column_text]Adem\u00e1s, con una cortadora de tubos por plasma, la cual es&#8230;<\/p>\n","protected":false},"author":2,"featured_media":654,"parent":223,"menu_order":0,"comment_status":"closed","ping_status":"closed","template":"full_width.php","meta":{"footnotes":""},"_links":{"self":[{"href":"https:\/\/globalsp.net\/es\/wp-json\/wp\/v2\/pages\/622"}],"collection":[{"href":"https:\/\/globalsp.net\/es\/wp-json\/wp\/v2\/pages"}],"about":[{"href":"https:\/\/globalsp.net\/es\/wp-json\/wp\/v2\/types\/page"}],"author":[{"embeddable":true,"href":"https:\/\/globalsp.net\/es\/wp-json\/wp\/v2\/users\/2"}],"replies":[{"embeddable":true,"href":"https:\/\/globalsp.net\/es\/wp-json\/wp\/v2\/comments?post=622"}],"version-history":[{"count":3,"href":"https:\/\/globalsp.net\/es\/wp-json\/wp\/v2\/pages\/622\/revisions"}],"predecessor-version":[{"id":695,"href":"https:\/\/globalsp.net\/es\/wp-json\/wp\/v2\/pages\/622\/revisions\/695"}],"up":[{"embeddable":true,"href":"https:\/\/globalsp.net\/es\/wp-json\/wp\/v2\/pages\/223"}],"wp:featuredmedia":[{"embeddable":true,"href":"https:\/\/globalsp.net\/es\/wp-json\/wp\/v2\/media\/654"}],"wp:attachment":[{"href":"https:\/\/globalsp.net\/es\/wp-json\/wp\/v2\/media?parent=622"}],"curies":[{"name":"wp","href":"https:\/\/api.w.org\/{rel}","templated":true}]}}