{"id":539,"date":"2017-01-31T13:36:33","date_gmt":"2017-01-31T13:36:33","guid":{"rendered":"http:\/\/globalsp.net\/es\/?page_id=539"},"modified":"2017-02-01T11:37:10","modified_gmt":"2017-02-01T11:37:10","slug":"fabricacion-metalmecanica","status":"publish","type":"page","link":"https:\/\/globalsp.net\/es\/nuestros-servicios\/fabricacion-metalmecanica\/","title":{"rendered":"Fabricaci\u00f3n Metalmec\u00e1nica"},"content":{"rendered":"<p>[vc_row row_type=\u00bbrow\u00bb use_row_as_full_screen_section=\u00bbno\u00bb type=\u00bbgrid\u00bb angled_section=\u00bbno\u00bb text_align=\u00bbleft\u00bb background_image_as_pattern=\u00bbwithout_pattern\u00bb padding_top=\u00bb40&#8243; padding_bottom=\u00bb40&#8243; css_animation=\u00bb\u00bb][vc_column][vc_column_text]<\/p>\n<h1>Fabricaci\u00f3n Metalmec\u00e1nica<\/h1>\n<p>[\/vc_column_text][vc_empty_space height=\u00bb10px\u00bb][\/vc_column][\/vc_row][vc_row row_type=\u00bbrow\u00bb use_row_as_full_screen_section=\u00bbno\u00bb type=\u00bbgrid\u00bb angled_section=\u00bbno\u00bb text_align=\u00bbleft\u00bb background_image_as_pattern=\u00bbwithout_pattern\u00bb background_color=\u00bb#1a1a1a\u00bb padding_top=\u00bb40&#8243; padding_bottom=\u00bb40&#8243; css_animation=\u00bb\u00bb el_class=\u00bbtext-light\u00bb][vc_column width=\u00bb1\/2&#8243;][vc_separator type=\u00bbnormal\u00bb transparency=\u00bb0&#8243; up=\u00bb20&#8243; down=\u00bb20&#8243;][vc_column_text]<\/p>\n<p style=\"text-align: center;\">Al contar con las estampas \u201cU\u201d y \u201cS\u201d de ASME, y la estampa \u201cR\u201d de <strong>National Board<\/strong>, estamos en capacidad de abarcar la fabricaci\u00f3n y reparaci\u00f3n de una gama de productos dentro de los est\u00e1ndares de calidad exigidos por estas organizaciones, tales como:<\/p>\n<p>[\/vc_column_text][\/vc_column][vc_column width=\u00bb1\/2&#8243;][vc_column_text el_class=\u00bblist-clean\u00bb]<\/p>\n<ul>\n<li>Recipientes a Presi\u00f3n<\/li>\n<li>Calderas de Vapor<\/li>\n<li>Intercambiadores de Calor<\/li>\n<li>Bah\u00edas<\/li>\n<li>Estructuras Met\u00e1licas<\/li>\n<li>Fabricaci\u00f3n de Spools<\/li>\n<li>Tanques de Almacenamiento<\/li>\n<\/ul>\n<p>[\/vc_column_text][\/vc_column][\/vc_row][vc_row row_type=\u00bbrow\u00bb use_row_as_full_screen_section=\u00bbno\u00bb type=\u00bbfull_width\u00bb angled_section=\u00bbno\u00bb text_align=\u00bbleft\u00bb background_image_as_pattern=\u00bbwithout_pattern\u00bb row_negative_margin=\u00bbdisable_negative_margin\u00bb padding_top=\u00bb40&#8243; padding_bottom=\u00bb60&#8243; css_animation=\u00bb\u00bb][vc_column][vc_gallery type=\u00bbimage_grid\u00bb images=\u00bb666,677&#8243; img_size=\u00bb150&#215;150&#8243; column_number=\u00bb0&#8243; grayscale=\u00bbno\u00bb images_space=\u00bbgallery_with_space\u00bb el_class=\u00bbbox-margin\u00bb][vc_separator type=\u00bbnormal\u00bb transparency=\u00bb0&#8243; up=\u00bb20&#8243; down=\u00bb20&#8243;]<a  itemprop=\"url\" href=\"https:\/\/globalsp.net\/es\/nuestros-servicios#panel\" target=\"_self\"  class=\"qbutton  default\" style=\"\">Volver a Servicios<\/a>[\/vc_column][\/vc_row]<\/p>\n","protected":false},"excerpt":{"rendered":"<p>[vc_row row_type=\u00bbrow\u00bb use_row_as_full_screen_section=\u00bbno\u00bb type=\u00bbgrid\u00bb angled_section=\u00bbno\u00bb text_align=\u00bbleft\u00bb background_image_as_pattern=\u00bbwithout_pattern\u00bb padding_top=\u00bb40&#8243; padding_bottom=\u00bb40&#8243; css_animation=\u00bb\u00bb][vc_column][vc_column_text] Fabricaci\u00f3n Metalmec\u00e1nica [\/vc_column_text][vc_empty_space height=\u00bb10px\u00bb][\/vc_column][\/vc_row][vc_row row_type=\u00bbrow\u00bb use_row_as_full_screen_section=\u00bbno\u00bb type=\u00bbgrid\u00bb angled_section=\u00bbno\u00bb text_align=\u00bbleft\u00bb background_image_as_pattern=\u00bbwithout_pattern\u00bb background_color=\u00bb#1a1a1a\u00bb padding_top=\u00bb40&#8243; padding_bottom=\u00bb40&#8243; css_animation=\u00bb\u00bb el_class=\u00bbtext-light\u00bb][vc_column width=\u00bb1\/2&#8243;][vc_separator type=\u00bbnormal\u00bb transparency=\u00bb0&#8243; up=\u00bb20&#8243; down=\u00bb20&#8243;][vc_column_text] Al contar con las estampas \u201cU\u201d y \u201cS\u201d de ASME, y la estampa \u201cR\u201d de&#8230;<\/p>\n","protected":false},"author":1,"featured_media":677,"parent":223,"menu_order":0,"comment_status":"closed","ping_status":"closed","template":"full_width.php","meta":{"footnotes":""},"_links":{"self":[{"href":"https:\/\/globalsp.net\/es\/wp-json\/wp\/v2\/pages\/539"}],"collection":[{"href":"https:\/\/globalsp.net\/es\/wp-json\/wp\/v2\/pages"}],"about":[{"href":"https:\/\/globalsp.net\/es\/wp-json\/wp\/v2\/types\/page"}],"author":[{"embeddable":true,"href":"https:\/\/globalsp.net\/es\/wp-json\/wp\/v2\/users\/1"}],"replies":[{"embeddable":true,"href":"https:\/\/globalsp.net\/es\/wp-json\/wp\/v2\/comments?post=539"}],"version-history":[{"count":33,"href":"https:\/\/globalsp.net\/es\/wp-json\/wp\/v2\/pages\/539\/revisions"}],"predecessor-version":[{"id":684,"href":"https:\/\/globalsp.net\/es\/wp-json\/wp\/v2\/pages\/539\/revisions\/684"}],"up":[{"embeddable":true,"href":"https:\/\/globalsp.net\/es\/wp-json\/wp\/v2\/pages\/223"}],"wp:featuredmedia":[{"embeddable":true,"href":"https:\/\/globalsp.net\/es\/wp-json\/wp\/v2\/media\/677"}],"wp:attachment":[{"href":"https:\/\/globalsp.net\/es\/wp-json\/wp\/v2\/media?parent=539"}],"curies":[{"name":"wp","href":"https:\/\/api.w.org\/{rel}","templated":true}]}}