{"id":492,"date":"2017-01-24T18:52:50","date_gmt":"2017-01-24T18:52:50","guid":{"rendered":"http:\/\/globalsp.net\/es\/?page_id=492"},"modified":"2017-01-31T16:02:56","modified_gmt":"2017-01-31T16:02:56","slug":"certificaciones","status":"publish","type":"page","link":"https:\/\/globalsp.net\/es\/certificaciones\/","title":{"rendered":"Certificaciones"},"content":{"rendered":"<p>[vc_row row_type=\u00bbrow\u00bb use_row_as_full_screen_section=\u00bbno\u00bb type=\u00bbgrid\u00bb angled_section=\u00bbno\u00bb text_align=\u00bbleft\u00bb background_image_as_pattern=\u00bbwithout_pattern\u00bb padding_top=\u00bb40&#8243; padding_bottom=\u00bb60&#8243; css_animation=\u00bb\u00bb][vc_column][vc_column_text]<\/p>\n<h1>Certificaci\u00f3n\u00a0ASME<\/h1>\n<p>[\/vc_column_text][\/vc_column][\/vc_row][vc_row row_type=\u00bbrow\u00bb use_row_as_full_screen_section=\u00bbno\u00bb type=\u00bbgrid\u00bb angled_section=\u00bbno\u00bb text_align=\u00bbleft\u00bb background_image_as_pattern=\u00bbwithout_pattern\u00bb padding_top=\u00bb40&#8243; padding_bottom=\u00bb40&#8243; css_animation=\u00bb\u00bb css=\u00bb.vc_custom_1485288404450{background-color: #1688b7 !important;}\u00bb][vc_column width=\u00bb1\/4&#8243;][vc_single_image image=\u00bb385&#8243; img_size=\u00bbmedium\u00bb qode_css_animation=\u00bb\u00bb css=\u00bb.vc_custom_1481133072003{padding-top: 5% !important;padding-right: 5% !important;padding-bottom: 5% !important;padding-left: 5% !important;}\u00bb][\/vc_column][vc_column width=\u00bb3\/4&#8243; css=\u00bb.vc_custom_1481132999566{padding-top: 3% !important;padding-right: 3% !important;padding-bottom: 3% !important;padding-left: 3% !important;}\u00bb][vc_column_text]<span style=\"color: #ffffff; font-size: 13pt;\">Actualmente poseemos la certificaci\u00f3n Autorizaci\u00f3n ASME\u00a0 con estampa \u201cU\u201d, \u201cS\u201d y \u201cR\u201d con lo cual garantizando a nuestros clientes los altos est\u00e1ndares de fabricaci\u00f3n y mantenimiento, estas estampas nos permiten la fabricaci\u00f3n en sitio si es necesario, desarrollo e instalaci\u00f3n apegados a la Norma establecida.<\/span>[\/vc_column_text][\/vc_column][\/vc_row][vc_row row_type=\u00bbrow\u00bb use_row_as_full_screen_section=\u00bbno\u00bb type=\u00bbfull_width\u00bb angled_section=\u00bbno\u00bb text_align=\u00bbleft\u00bb background_image_as_pattern=\u00bbwithout_pattern\u00bb background_color=\u00bb#ffffff\u00bb padding_top=\u00bb40&#8243; padding_bottom=\u00bb40&#8243; css_animation=\u00bb\u00bb][vc_column][vc_row_inner row_type=\u00bbrow\u00bb type=\u00bbgrid\u00bb text_align=\u00bbleft\u00bb css_animation=\u00bb\u00bb][vc_column_inner width=\u00bb1\/2&#8243;][vc_separator type=\u00bbnormal\u00bb transparency=\u00bb0&#8243; up=\u00bb20&#8243; down=\u00bb20&#8243;][vc_column_text]<\/p>\n<h2>CERTIFICACI\u00d3N ASME \u201cS\u201d<\/h2>\n<p>[\/vc_column_text][vc_separator type=\u00bbnormal\u00bb transparency=\u00bb0&#8243; up=\u00bb20&#8243; down=\u00bb20&#8243;][vc_column_text]Nos califica para la fabricaci\u00f3n\u00a0y montaje de la caldera de potencia.[\/vc_column_text][vc_separator type=\u00bbnormal\u00bb transparency=\u00bb0&#8243; up=\u00bb20&#8243; down=\u00bb20&#8243;][\/vc_column_inner][vc_column_inner width=\u00bb1\/2&#8243;][vc_single_image image=\u00bb503&#8243; img_size=\u00bbmedium\u00bb alignment=\u00bbcenter\u00bb onclick=\u00bblink_image\u00bb qode_css_animation=\u00bbelement_from_right\u00bb][\/vc_column_inner][\/vc_row_inner][\/vc_column][\/vc_row][vc_row row_type=\u00bbrow\u00bb use_row_as_full_screen_section=\u00bbno\u00bb type=\u00bbfull_width\u00bb angled_section=\u00bbno\u00bb text_align=\u00bbleft\u00bb background_image_as_pattern=\u00bbwithout_pattern\u00bb background_color=\u00bb#1a1a1a\u00bb padding_top=\u00bb40&#8243; padding_bottom=\u00bb40&#8243; css_animation=\u00bb\u00bb][vc_column][vc_row_inner row_type=\u00bbrow\u00bb type=\u00bbgrid\u00bb text_align=\u00bbleft\u00bb css_animation=\u00bb\u00bb][vc_column_inner width=\u00bb1\/2&#8243;][vc_column_text]<\/p>\n<h2>CERTIFICACI\u00d3N ASME \u201cR\u201d<\/h2>\n<p>[\/vc_column_text][vc_separator type=\u00bbnormal\u00bb transparency=\u00bb0&#8243; up=\u00bb20&#8243; down=\u00bb20&#8243;][vc_column_text]<\/p>\n<h4><span style=\"color: #eaeaea;\">C\u00f3digo de la Inspecci\u00f3n de la Junta Nacional &#8211; Modificaci\u00f3n y Reparaci\u00f3n<\/span><\/h4>\n<p><span style=\"color: #eaeaea;\">El alcance de esta autorizaci\u00f3n se limita a: Reparaciones y\/o alteraciones de componentes de retenci\u00f3n de presi\u00f3n.<\/span>[\/vc_column_text][vc_separator type=\u00bbnormal\u00bb transparency=\u00bb0&#8243; up=\u00bb20&#8243; down=\u00bb20&#8243;][\/vc_column_inner][vc_column_inner width=\u00bb1\/2&#8243;][vc_single_image image=\u00bb497&#8243; img_size=\u00bbmedium\u00bb alignment=\u00bbcenter\u00bb onclick=\u00bblink_image\u00bb qode_css_animation=\u00bbelement_from_right\u00bb][\/vc_column_inner][\/vc_row_inner][\/vc_column][\/vc_row][vc_row row_type=\u00bbrow\u00bb use_row_as_full_screen_section=\u00bbno\u00bb type=\u00bbfull_width\u00bb angled_section=\u00bbno\u00bb text_align=\u00bbleft\u00bb background_image_as_pattern=\u00bbwithout_pattern\u00bb background_color=\u00bb#eaeaea\u00bb padding_top=\u00bb40&#8243; padding_bottom=\u00bb40&#8243; css_animation=\u00bb\u00bb][vc_column][vc_row_inner row_type=\u00bbrow\u00bb type=\u00bbgrid\u00bb text_align=\u00bbleft\u00bb css_animation=\u00bb\u00bb][vc_column_inner width=\u00bb1\/2&#8243;][vc_separator type=\u00bbnormal\u00bb transparency=\u00bb0&#8243; up=\u00bb20&#8243; down=\u00bb20&#8243;][vc_column_text]<\/p>\n<h2>CERTIFICACI\u00d3N ASME \u201cU\u201d<\/h2>\n<p>[\/vc_column_text][vc_separator type=\u00bbnormal\u00bb transparency=\u00bb0&#8243; up=\u00bb20&#8243; down=\u00bb20&#8243;][vc_column_text]Nos califica para la fabricaci\u00f3n de Recipientes a Presi\u00f3n.[\/vc_column_text][vc_separator type=\u00bbnormal\u00bb transparency=\u00bb0&#8243; up=\u00bb20&#8243; down=\u00bb20&#8243;][\/vc_column_inner][vc_column_inner width=\u00bb1\/2&#8243;][vc_single_image image=\u00bb504&#8243; img_size=\u00bbmedium\u00bb alignment=\u00bbcenter\u00bb onclick=\u00bblink_image\u00bb qode_css_animation=\u00bbelement_from_right\u00bb][\/vc_column_inner][\/vc_row_inner][\/vc_column][\/vc_row][vc_row row_type=\u00bbrow\u00bb use_row_as_full_screen_section=\u00bbno\u00bb type=\u00bbgrid\u00bb angled_section=\u00bbno\u00bb text_align=\u00bbleft\u00bb background_image_as_pattern=\u00bbwithout_pattern\u00bb padding_top=\u00bb10&#8243; padding_bottom=\u00bb10&#8243; css_animation=\u00bb\u00bb css=\u00bb.vc_custom_1485874384281{background-color: #1688b7 !important;}\u00bb][vc_column css=\u00bb.vc_custom_1481132999566{padding-top: 3% !important;padding-right: 3% !important;padding-bottom: 3% !important;padding-left: 3% !important;}\u00bb][vc_column_text]<\/p>\n<p style=\"text-align: center;\"><span style=\"color: #ffffff; font-size: 15pt;\">Estas estampas certifican el cumplimiento del C\u00f3digo de Certificaci\u00f3n \u201cASME\u201d y con la cual nos acreditan para continuar manteniendo los est\u00e1ndares de calidad.<\/span><\/p>\n<p>[\/vc_column_text][\/vc_column][\/vc_row]<\/p>\n","protected":false},"excerpt":{"rendered":"<p>[vc_row row_type=\u00bbrow\u00bb use_row_as_full_screen_section=\u00bbno\u00bb type=\u00bbgrid\u00bb angled_section=\u00bbno\u00bb text_align=\u00bbleft\u00bb background_image_as_pattern=\u00bbwithout_pattern\u00bb padding_top=\u00bb40&#8243; padding_bottom=\u00bb60&#8243; css_animation=\u00bb\u00bb][vc_column][vc_column_text] Certificaci\u00f3n\u00a0ASME [\/vc_column_text][\/vc_column][\/vc_row][vc_row row_type=\u00bbrow\u00bb use_row_as_full_screen_section=\u00bbno\u00bb type=\u00bbgrid\u00bb angled_section=\u00bbno\u00bb text_align=\u00bbleft\u00bb background_image_as_pattern=\u00bbwithout_pattern\u00bb padding_top=\u00bb40&#8243; padding_bottom=\u00bb40&#8243; css_animation=\u00bb\u00bb css=\u00bb.vc_custom_1485288404450{background-color: #1688b7 !important;}\u00bb][vc_column width=\u00bb1\/4&#8243;][vc_single_image image=\u00bb385&#8243; img_size=\u00bbmedium\u00bb qode_css_animation=\u00bb\u00bb css=\u00bb.vc_custom_1481133072003{padding-top: 5% !important;padding-right: 5% !important;padding-bottom: 5% !important;padding-left: 5% !important;}\u00bb][\/vc_column][vc_column width=\u00bb3\/4&#8243; css=\u00bb.vc_custom_1481132999566{padding-top: 3% !important;padding-right: 3% !important;padding-bottom: 3% !important;padding-left:&#8230;<\/p>\n","protected":false},"author":1,"featured_media":0,"parent":0,"menu_order":0,"comment_status":"closed","ping_status":"closed","template":"full_width.php","meta":{"footnotes":""},"_links":{"self":[{"href":"https:\/\/globalsp.net\/es\/wp-json\/wp\/v2\/pages\/492"}],"collection":[{"href":"https:\/\/globalsp.net\/es\/wp-json\/wp\/v2\/pages"}],"about":[{"href":"https:\/\/globalsp.net\/es\/wp-json\/wp\/v2\/types\/page"}],"author":[{"embeddable":true,"href":"https:\/\/globalsp.net\/es\/wp-json\/wp\/v2\/users\/1"}],"replies":[{"embeddable":true,"href":"https:\/\/globalsp.net\/es\/wp-json\/wp\/v2\/comments?post=492"}],"version-history":[{"count":21,"href":"https:\/\/globalsp.net\/es\/wp-json\/wp\/v2\/pages\/492\/revisions"}],"predecessor-version":[{"id":603,"href":"https:\/\/globalsp.net\/es\/wp-json\/wp\/v2\/pages\/492\/revisions\/603"}],"wp:attachment":[{"href":"https:\/\/globalsp.net\/es\/wp-json\/wp\/v2\/media?parent=492"}],"curies":[{"name":"wp","href":"https:\/\/api.w.org\/{rel}","templated":true}]}}