{"id":266,"date":"2016-07-27T12:38:28","date_gmt":"2016-07-27T12:38:28","guid":{"rendered":"http:\/\/bridge66.qodeinteractive.com\/?page_id=266"},"modified":"2017-02-02T20:09:22","modified_gmt":"2017-02-02T20:09:22","slug":"sobre-nosotros","status":"publish","type":"page","link":"https:\/\/globalsp.net\/es\/sobre-nosotros\/","title":{"rendered":"Sobre Nosotros"},"content":{"rendered":"<p>[vc_row row_type=\u00bbrow\u00bb use_row_as_full_screen_section=\u00bbno\u00bb type=\u00bbgrid\u00bb angled_section=\u00bbno\u00bb text_align=\u00bbleft\u00bb background_image_as_pattern=\u00bbwithout_pattern\u00bb padding_top=\u00bb40&#8243; padding_bottom=\u00bb40&#8243; css_animation=\u00bb\u00bb][vc_column][vc_column_text]<\/p>\n<h1>Sobre Nosotros<\/h1>\n<p>[\/vc_column_text][vc_empty_space height=\u00bb40&#8243;][\/vc_column][\/vc_row][vc_row row_type=\u00bbrow\u00bb use_row_as_full_screen_section=\u00bbno\u00bb type=\u00bbgrid\u00bb angled_section=\u00bbno\u00bb text_align=\u00bbleft\u00bb background_image_as_pattern=\u00bbwithout_pattern\u00bb padding_bottom=\u00bb40&#8243; css_animation=\u00bb\u00bb el_class=\u00bbflex\u00bb][vc_column width=\u00bb1\/2&#8243;][vc_column_text]<\/p>\n<p style=\"font-size: 13pt;\"><strong>GLOBAL SUPPLY INC<\/strong><strong>\u00a0<\/strong>es una empresa relacionada con Proyectos, Comercializaci\u00f3n y Construcci\u00f3n de obras de ingenier\u00eda. Nuestro prop\u00f3sito es la importaci\u00f3n y exportaci\u00f3n de toda clase de bienes y servicios.<\/p>\n<p>[\/vc_column_text][\/vc_column][vc_column width=\u00bb1\/2&#8243;][vc_single_image image=\u00bb272&#8243; img_size=\u00bbfull\u00bb alignment=\u00bbcenter\u00bb style=\u00bbvc_box_shadow_3d\u00bb qode_css_animation=\u00bb\u00bb css=\u00bb.vc_custom_1481128990012{margin-top: 20px !important;}\u00bb][\/vc_column][\/vc_row][vc_row row_type=\u00bbrow\u00bb use_row_as_full_screen_section=\u00bbno\u00bb type=\u00bbgrid\u00bb angled_section=\u00bbno\u00bb text_align=\u00bbleft\u00bb background_image_as_pattern=\u00bbwithout_pattern\u00bb background_color=\u00bb#f28200&#8243; padding_top=\u00bb40&#8243; padding_bottom=\u00bb40&#8243; css_animation=\u00bb\u00bb][vc_column][vc_column_text]<\/p>\n<p style=\"text-align: center; font-size: 13pt;\"><span style=\"color: #ffffff;\"><strong>Hacemos el trabajo de Comercializaci\u00f3n, Importaci\u00f3n, Exportaci\u00f3n, Instalaci\u00f3n y Representaci\u00f3n de equipos y maquinarias para el sector Petrolero &amp; Gas, Construcci\u00f3n, Industrial y Aeron\u00e1utico.<\/strong><\/span><\/p>\n<p>[\/vc_column_text][\/vc_column][\/vc_row][vc_row row_type=\u00bbrow\u00bb use_row_as_full_screen_section=\u00bbno\u00bb type=\u00bbgrid\u00bb angled_section=\u00bbno\u00bb text_align=\u00bbleft\u00bb background_image_as_pattern=\u00bbwithout_pattern\u00bb padding_top=\u00bb20&#8243; padding_bottom=\u00bb20&#8243; css_animation=\u00bb\u00bb][vc_column offset=\u00bbvc_col-lg-6 vc_col-md-12&#8243;][vc_column_text css=\u00bb.vc_custom_1481129057959{padding-right: 10% !important;}\u00bb]<\/p>\n<h3>Nuestra exigencia es cada d\u00eda cumplir el mayor est\u00e1ndar en la prestaci\u00f3n del servicio de Ingenier\u00eda, Procura, Ejecuci\u00f3n de obras, Supervisi\u00f3n y Suministros de equipos \/ maquinarias y Servicios.<\/h3>\n<p>[\/vc_column_text][vc_empty_space height=\u00bb43px\u00bb][vc_column_text]La empresa posee personal con experiencia t\u00e9cnico-comercial para la realizaci\u00f3n de Proyectos y la ejecuci\u00f3n de los mismos; contamos con personal en diversas \u00e1reas de Ingenier\u00eda y Administraci\u00f3n para la puesta en marcha del dise\u00f1o, montaje, construcci\u00f3n y mantenimiento seg\u00fan sea el requerimiento de nuestro Cliente.[\/vc_column_text][vc_empty_space height=\u00bb35px\u00bb]<a  itemprop=\"url\" href=\"https:\/\/globalsp.net\/es\/nuestros-productos\/\" target=\"_self\"  class=\"qbutton  default\" style=\"\">Nuestros Productos<\/a>[vc_empty_space height=\u00bb40px\u00bb][\/vc_column][vc_column offset=\u00bbvc_col-lg-6 vc_col-md-12&#8243;][vc_column_text]<\/p>\n<h3 style=\"text-align: left;\">Nuestro objetivo es mejorar la productividad de nuestros clientes aportando el valor agregado<\/h3>\n<p>[\/vc_column_text][vc_empty_space height=\u00bb48px\u00bb]<div class='q_progress_bar'><h6 class='progress_title_holder clearfix' style=''><span class='progress_title'><span>Servicio Integral<\/span><\/span><span class='progress_number' style='color: #1a1a1a;font-size: 16px;font-weight: 400;'><span>0<\/span>%<\/span><\/h6><div class='progress_content_outer' style='height: 10px;border-radius: 5px;-moz-border-radius: 5px;-webkit-border-radius: 5px;background-color: rgba(241, 241, 241, 1);'><div data-percentage='100' class='progress_content' style='height: 10px;background-color: #e42600;border: 1px solid #e42600;'><\/div><\/div><\/div>[vc_empty_space height=\u00bb5.5px\u00bb]<div class='q_progress_bar'><h6 class='progress_title_holder clearfix' style=''><span class='progress_title'><span>Orientaci\u00f3n al Cliente<\/span><\/span><span class='progress_number' style='color: #1a1a1a;font-size: 16px;font-weight: 400;'><span>0<\/span>%<\/span><\/h6><div class='progress_content_outer' style='height: 10px;border-radius: 5px;-moz-border-radius: 5px;-webkit-border-radius: 5px;background-color: rgba(241, 241, 241, 1);'><div data-percentage='100' class='progress_content' style='height: 10px;background-color: #e42600;border: 1px solid #e42600;'><\/div><\/div><\/div>[vc_empty_space height=\u00bb5.5px\u00bb]<div class='q_progress_bar'><h6 class='progress_title_holder clearfix' style=''><span class='progress_title'><span>Productos de Calidad<\/span><\/span><span class='progress_number' style='color: #1a1a1a;font-size: 16px;font-weight: 400;'><span>0<\/span>%<\/span><\/h6><div class='progress_content_outer' style='height: 10px;border-radius: 5px;-moz-border-radius: 5px;-webkit-border-radius: 5px;background-color: rgba(241, 241, 241, 1);'><div data-percentage='100' class='progress_content' style='height: 10px;background-color: #e42600;border: 1px solid #e42600;'><\/div><\/div><\/div>[vc_empty_space height=\u00bb5.5px\u00bb]<div class='q_progress_bar'><h6 class='progress_title_holder clearfix' style=''><span class='progress_title'><span>Experiencia en los Sectores Referidos<\/span><\/span><span class='progress_number' style='color: #1a1a1a;font-size: 16px;font-weight: 400;'><span>0<\/span>%<\/span><\/h6><div class='progress_content_outer' style='height: 10px;border-radius: 5px;-moz-border-radius: 5px;-webkit-border-radius: 5px;background-color: rgba(241, 241, 241, 1);'><div data-percentage='100' class='progress_content' style='height: 10px;background-color: #e42600;border: 1px solid #e42600;'><\/div><\/div><\/div>[vc_empty_space height=\u00bb5.5px\u00bb]<div class='q_progress_bar'><h6 class='progress_title_holder clearfix' style=''><span class='progress_title'><span>Ofrecer los Mejores precios del Mercado<\/span><\/span><span class='progress_number' style='color: #1a1a1a;font-size: 16px;font-weight: 400;'><span>0<\/span>%<\/span><\/h6><div class='progress_content_outer' style='height: 10px;border-radius: 5px;-moz-border-radius: 5px;-webkit-border-radius: 5px;background-color: rgba(241, 241, 241, 1);'><div data-percentage='100' class='progress_content' style='height: 10px;background-color: #e42600;border: 1px solid #e42600;'><\/div><\/div><\/div>[\/vc_column][\/vc_row][vc_row row_type=\u00bbrow\u00bb use_row_as_full_screen_section=\u00bbno\u00bb type=\u00bbgrid\u00bb angled_section=\u00bbno\u00bb text_align=\u00bbleft\u00bb background_image_as_pattern=\u00bbwithout_pattern\u00bb css_animation=\u00bb\u00bb css=\u00bb.vc_custom_1481133152726{margin-top: 3% !important;padding-top: 3% !important;padding-right: 3% !important;padding-bottom: 3% !important;padding-left: 3% !important;background-color: #1688b7 !important;}\u00bb][vc_column width=\u00bb1\/4&#8243;][vc_single_image image=\u00bb385&#8243; img_size=\u00bbmedium\u00bb qode_css_animation=\u00bb\u00bb css=\u00bb.vc_custom_1481133072003{padding-top: 5% !important;padding-right: 5% !important;padding-bottom: 5% !important;padding-left: 5% !important;}\u00bb][\/vc_column][vc_column width=\u00bb3\/4&#8243; css=\u00bb.vc_custom_1481132999566{padding-top: 3% !important;padding-right: 3% !important;padding-bottom: 3% !important;padding-left: 3% !important;}\u00bb][vc_column_text]<span style=\"color: #ffffff;\">Actualmente poseemos la certificaci\u00f3n Autorizaci\u00f3n ASME\u00a0 con estampa \u201cU\u201d, \u201cS\u201d y \u201cR\u201d con lo cual garantizando a nuestros clientes los altos est\u00e1ndares de fabricaci\u00f3n y mantenimiento, estas estampas nos permiten la fabricaci\u00f3n en sitio si es necesario, desarrollo e instalaci\u00f3n apegados a la Norma establecida.<\/span>[\/vc_column_text][\/vc_column][\/vc_row][vc_row row_type=\u00bbrow\u00bb use_row_as_full_screen_section=\u00bbno\u00bb type=\u00bbgrid\u00bb angled_section=\u00bbno\u00bb text_align=\u00bbleft\u00bb background_image_as_pattern=\u00bbwithout_pattern\u00bb padding_top=\u00bb40&#8243; padding_bottom=\u00bb60&#8243; css_animation=\u00bb\u00bb][vc_column width=\u00bb1\/2&#8243;][vc_column_text el_class=\u00bblist-clean\u00bb]<\/p>\n<h2>Enfoque Estrat\u00e9gico<\/h2>\n<p>[\/vc_column_text][vc_column_text el_class=\u00bblist-clean\u00bb]Contemplado b\u00e1sicamente por los lineamientos con los cuales se inici\u00f3 la empresa:[\/vc_column_text][vc_column_text el_class=\u00bblist-clean\u00bb]<\/p>\n<ul>\n<li>Calidad<\/li>\n<li>Seguridad<\/li>\n<li>Eficiencia<\/li>\n<\/ul>\n<p>[\/vc_column_text][vc_column_text el_class=\u00bblist-clean\u00bb]<\/p>\n<h4>Que son las bases para nuestra visi\u00f3n, misi\u00f3n, objetivo, pol\u00edticas de calidad y valores corporativos.<\/h4>\n<p>[\/vc_column_text][\/vc_column][vc_column width=\u00bb1\/2&#8243;][vc_column_text]<\/p>\n<h2>Valores Corporativos<\/h2>\n<p>[\/vc_column_text][vc_column_text el_class=\u00bblist-clean\u00bb]<\/p>\n<ul>\n<li>La integridad del desarrollo de los proyectos<\/li>\n<li>Respaldo de la <strong>Sociedad Americana de Ingenieros Mec\u00e1nicos (ASME)<\/strong><\/li>\n<li>Obtener los mejores resultados a trav\u00e9s de alianzas estrat\u00e9gicas<\/li>\n<li>Dedicaci\u00f3n y compromiso<\/li>\n<li>Somos lo lideres en los servicios que ofrecemos<\/li>\n<li>No enfocamos en lograr el mejor resultado en todos lo que hacemos<\/li>\n<\/ul>\n<p>[\/vc_column_text][\/vc_column][\/vc_row]<\/p>\n","protected":false},"excerpt":{"rendered":"<p>[vc_row row_type=\u00bbrow\u00bb use_row_as_full_screen_section=\u00bbno\u00bb type=\u00bbgrid\u00bb angled_section=\u00bbno\u00bb text_align=\u00bbleft\u00bb background_image_as_pattern=\u00bbwithout_pattern\u00bb padding_top=\u00bb40&#8243; padding_bottom=\u00bb40&#8243; css_animation=\u00bb\u00bb][vc_column][vc_column_text] Sobre Nosotros [\/vc_column_text][vc_empty_space height=\u00bb40&#8243;][\/vc_column][\/vc_row][vc_row row_type=\u00bbrow\u00bb use_row_as_full_screen_section=\u00bbno\u00bb type=\u00bbgrid\u00bb angled_section=\u00bbno\u00bb text_align=\u00bbleft\u00bb background_image_as_pattern=\u00bbwithout_pattern\u00bb padding_bottom=\u00bb40&#8243; css_animation=\u00bb\u00bb el_class=\u00bbflex\u00bb][vc_column width=\u00bb1\/2&#8243;][vc_column_text] GLOBAL SUPPLY INC\u00a0es una empresa relacionada con Proyectos, Comercializaci\u00f3n y Construcci\u00f3n de obras de ingenier\u00eda. Nuestro prop\u00f3sito es la importaci\u00f3n y&#8230;<\/p>\n","protected":false},"author":1,"featured_media":0,"parent":0,"menu_order":0,"comment_status":"closed","ping_status":"closed","template":"full_width.php","meta":{"footnotes":""},"_links":{"self":[{"href":"https:\/\/globalsp.net\/es\/wp-json\/wp\/v2\/pages\/266"}],"collection":[{"href":"https:\/\/globalsp.net\/es\/wp-json\/wp\/v2\/pages"}],"about":[{"href":"https:\/\/globalsp.net\/es\/wp-json\/wp\/v2\/types\/page"}],"author":[{"embeddable":true,"href":"https:\/\/globalsp.net\/es\/wp-json\/wp\/v2\/users\/1"}],"replies":[{"embeddable":true,"href":"https:\/\/globalsp.net\/es\/wp-json\/wp\/v2\/comments?post=266"}],"version-history":[{"count":48,"href":"https:\/\/globalsp.net\/es\/wp-json\/wp\/v2\/pages\/266\/revisions"}],"predecessor-version":[{"id":739,"href":"https:\/\/globalsp.net\/es\/wp-json\/wp\/v2\/pages\/266\/revisions\/739"}],"wp:attachment":[{"href":"https:\/\/globalsp.net\/es\/wp-json\/wp\/v2\/media?parent=266"}],"curies":[{"name":"wp","href":"https:\/\/api.w.org\/{rel}","templated":true}]}}