{"id":223,"date":"2016-07-25T12:04:04","date_gmt":"2016-07-25T12:04:04","guid":{"rendered":"http:\/\/bridge66.qodeinteractive.com\/?page_id=223"},"modified":"2017-02-01T12:34:27","modified_gmt":"2017-02-01T12:34:27","slug":"nuestros-servicios","status":"publish","type":"page","link":"https:\/\/globalsp.net\/es\/nuestros-servicios\/","title":{"rendered":"Nuestros Servicios"},"content":{"rendered":"<p>[vc_row row_type=\u00bbrow\u00bb use_row_as_full_screen_section=\u00bbno\u00bb type=\u00bbgrid\u00bb anchor=\u00bbabout\u00bb angled_section=\u00bbno\u00bb text_align=\u00bbleft\u00bb background_image_as_pattern=\u00bbwithout_pattern\u00bb padding_top=\u00bb40&#8243; css_animation=\u00bb\u00bb][vc_column offset=\u00bbvc_col-lg-12 vc_col-md-12&#8243;][vc_column_text]<\/p>\n<h1>Nuestros Servicios<\/h1>\n<p>[\/vc_column_text][vc_empty_space height=\u00bb10px\u00bb][vc_column_text]<\/p>\n<h4>Mantenimiento y Abastecimientos en las \u00e1reas contratadas<\/h4>\n<p>[\/vc_column_text][\/vc_column][\/vc_row][vc_row row_type=\u00bbrow\u00bb use_row_as_full_screen_section=\u00bbno\u00bb type=\u00bbgrid\u00bb angled_section=\u00bbno\u00bb text_align=\u00bbleft\u00bb background_image_as_pattern=\u00bbwithout_pattern\u00bb row_negative_margin=\u00bbdisable_negative_margin\u00bb padding_top=\u00bb40&#8243; padding_bottom=\u00bb40&#8243; css_animation=\u00bb\u00bb el_class=\u00bblist-clean\u00bb][vc_column width=\u00bb1\/2&#8243;][vc_separator type=\u00bbnormal\u00bb transparency=\u00bb0&#8243; up=\u00bb10&#8243; down=\u00bb10&#8243;][vc_column_text]<\/p>\n<p style=\"text-align: left;\"><strong>GLOBAL SUPPLY INC<\/strong> no especializamos en el desarrollo de ingenier\u00eda, fabricaci\u00f3n y reparaci\u00f3n de recipientes a presi\u00f3n, calderas, intercambiadores de calor, tanques y una diversa gama de trabajos metalmec\u00e1nicos.<\/p>\n<p>[\/vc_column_text][vc_column_text]<\/p>\n<h3 style=\"text-align: left;\">Contamos con un equipo de profesionales calificados, asegurando el exitoso desarrollo y ejecuci\u00f3n de los proyectos.<\/h3>\n<p>[\/vc_column_text][\/vc_column][vc_column width=\u00bb1\/2&#8243;][vc_column_text]<\/p>\n<ul>\n<li>Dise\u00f1o de recipientes a presi\u00f3n utilizando el software Codeware Compress<\/li>\n<li>Dise\u00f1o de Intercambiadores de Calor utilizando el software de simulaci\u00f3n Htri Xchanger<\/li>\n<li>Desarrollo de Ingenier\u00eda conceptual, B\u00e1sica y de Detalle<\/li>\n<li>Asesor\u00eda t\u00e9cnica especializada para la Industria Petrolera<\/li>\n<li>Reparaci\u00f3n y reentubado de calderas de vapor, Intercambiadores de Calor y Bah\u00edas<\/li>\n<li>Instalaci\u00f3n, arranque y puesta en marcha de Calderas de Vapor<\/li>\n<li>Alquiler de Calderas de Vapor, con disponibilidad inmediata en la zona<\/li>\n<\/ul>\n<p>[\/vc_column_text][\/vc_column][\/vc_row][vc_row row_type=\u00bbrow\u00bb use_row_as_full_screen_section=\u00bbno\u00bb type=\u00bbgrid\u00bb angled_section=\u00bbno\u00bb text_align=\u00bbleft\u00bb background_image_as_pattern=\u00bbwithout_pattern\u00bb padding_top=\u00bb40&#8243; padding_bottom=\u00bb40&#8243; css_animation=\u00bb\u00bb css=\u00bb.vc_custom_1485872278692{background-color: #1a1a1a !important;}\u00bb el_id=\u00bbpanel\u00bb][vc_column][vc_column_text]<\/p>\n<h2 style=\"text-align: center;\"><span style=\"color: #ffffff;\">Cubriendo las siguientes \u00c1reas<\/span><\/h2>\n<p>[\/vc_column_text][\/vc_column][\/vc_row][vc_row row_type=\u00bbrow\u00bb use_row_as_full_screen_section=\u00bbno\u00bb type=\u00bbgrid\u00bb angled_section=\u00bbno\u00bb text_align=\u00bbleft\u00bb background_image_as_pattern=\u00bbwithout_pattern\u00bb padding_top=\u00bb20&#8243; css_animation=\u00bb\u00bb css=\u00bb.vc_custom_1485883025692{background-color: #dd8500 !important;}\u00bb el_class=\u00bbimage-rounded service-bar\u00bb][vc_column width=\u00bb1\/4&#8243;][vc_separator type=\u00bbnormal\u00bb transparency=\u00bb0&#8243; up=\u00bb10&#8243; down=\u00bb10&#8243;][vc_single_image image=\u00bb677&#8243; qode_css_animation=\u00bb\u00bb el_class=\u00bbimage-rounded\u00bb][vc_column_text]<\/p>\n<h6><a href=\"https:\/\/globalsp.net\/es\/nuestros-servicios\/fabricacion-metalmecanica\/\">FABRICACI\u00d3N METALMEC\u00c1NICA<\/a><\/h6>\n<p>[\/vc_column_text][\/vc_column][vc_column width=\u00bb1\/4&#8243;][vc_separator type=\u00bbnormal\u00bb transparency=\u00bb0&#8243; up=\u00bb10&#8243; down=\u00bb10&#8243;][vc_single_image image=\u00bb663&#8243; qode_css_animation=\u00bb\u00bb el_class=\u00bbimage-rounded\u00bb][vc_column_text]<\/p>\n<h6><a href=\"https:\/\/globalsp.net\/es\/nuestros-servicios\/maquinaria-instalada-taller\/\">MAQUINARIA INSTALADA EN TALLER<\/a><\/h6>\n<p>[\/vc_column_text][\/vc_column][vc_column width=\u00bb1\/4&#8243;][vc_separator type=\u00bbnormal\u00bb transparency=\u00bb0&#8243; up=\u00bb10&#8243; down=\u00bb10&#8243;][vc_single_image image=\u00bb657&#8243; qode_css_animation=\u00bb\u00bb el_class=\u00bbimage-rounded\u00bb][vc_column_text]<\/p>\n<h6><a href=\"https:\/\/globalsp.net\/es\/nuestros-servicios\/servicios-torneado\/\">SERVICIOS TORNEADO<\/a><\/h6>\n<p>[\/vc_column_text][\/vc_column][vc_column width=\u00bb1\/4&#8243;][vc_separator type=\u00bbnormal\u00bb transparency=\u00bb0&#8243; up=\u00bb10&#8243; down=\u00bb10&#8243;][vc_single_image image=\u00bb658&#8243; qode_css_animation=\u00bb\u00bb el_class=\u00bbimage-rounded\u00bb][vc_column_text]<\/p>\n<h6><a href=\"https:\/\/globalsp.net\/es\/nuestros-servicios\/servicios-de-fresado\/\">SERVICIOS DE FRESADO<\/a><\/h6>\n<p>[\/vc_column_text][\/vc_column][\/vc_row][vc_row row_type=\u00bbrow\u00bb use_row_as_full_screen_section=\u00bbno\u00bb type=\u00bbgrid\u00bb angled_section=\u00bbno\u00bb text_align=\u00bbleft\u00bb background_image_as_pattern=\u00bbwithout_pattern\u00bb css_animation=\u00bb\u00bb css=\u00bb.vc_custom_1485883016829{background-color: #dd8500 !important;}\u00bb el_class=\u00bbimage-rounded service-bar\u00bb][vc_column width=\u00bb1\/4&#8243;][vc_separator type=\u00bbnormal\u00bb transparency=\u00bb0&#8243; up=\u00bb10&#8243; down=\u00bb10&#8243;][vc_single_image image=\u00bb660&#8243; qode_css_animation=\u00bb\u00bb el_class=\u00bbimage-rounded\u00bb][vc_column_text]<\/p>\n<h6><a href=\"https:\/\/globalsp.net\/es\/nuestros-servicios\/servicios-corte-plasma-laminas\/\">SERVICIOS DE CORTE POR PLASMA (L\u00c1MINAS)<\/a><\/h6>\n<p>[\/vc_column_text][\/vc_column][vc_column width=\u00bb1\/4&#8243;][vc_separator type=\u00bbnormal\u00bb transparency=\u00bb0&#8243; up=\u00bb10&#8243; down=\u00bb10&#8243;][vc_single_image image=\u00bb654&#8243; qode_css_animation=\u00bb\u00bb el_class=\u00bbimage-rounded\u00bb][vc_column_text]<\/p>\n<h6><a href=\"https:\/\/globalsp.net\/es\/nuestros-servicios\/servicios-corte-plasma-tubos\/\">SERVICIOS DE CORTE POR PLASMA (TUBOS)<\/a><\/h6>\n<p>[\/vc_column_text][\/vc_column][vc_column width=\u00bb1\/4&#8243;][vc_separator type=\u00bbnormal\u00bb transparency=\u00bb0&#8243; up=\u00bb10&#8243; down=\u00bb10&#8243;][vc_single_image image=\u00bb650&#8243; qode_css_animation=\u00bb\u00bb el_class=\u00bbimage-rounded\u00bb][vc_column_text]<\/p>\n<h6><a href=\"https:\/\/globalsp.net\/es\/nuestros-servicios\/servicios-taladrado-roscado\/\">SERVICIOS DE TALADRADO Y ROSCADO<\/a><\/h6>\n<p>[\/vc_column_text][\/vc_column][vc_column width=\u00bb1\/4&#8243;][vc_separator type=\u00bbnormal\u00bb transparency=\u00bb0&#8243; up=\u00bb10&#8243; down=\u00bb10&#8243;][vc_single_image image=\u00bb537&#8243; qode_css_animation=\u00bb\u00bb el_class=\u00bbimage-rounded\u00bb][vc_column_text]<\/p>\n<h6><a href=\"https:\/\/globalsp.net\/es\/nuestros-servicios\/servicios-taladrado-cnc\/\">SERVICIOS TALADRADO CNC<\/a><\/h6>\n<p>[\/vc_column_text][\/vc_column][\/vc_row][vc_row row_type=\u00bbrow\u00bb use_row_as_full_screen_section=\u00bbno\u00bb type=\u00bbgrid\u00bb angled_section=\u00bbno\u00bb text_align=\u00bbleft\u00bb background_image_as_pattern=\u00bbwithout_pattern\u00bb css_animation=\u00bb\u00bb css=\u00bb.vc_custom_1485883016829{background-color: #dd8500 !important;}\u00bb el_class=\u00bbimage-rounded service-bar\u00bb][vc_column width=\u00bb1\/4&#8243;][vc_separator type=\u00bbnormal\u00bb transparency=\u00bb0&#8243; up=\u00bb10&#8243; down=\u00bb10&#8243;][vc_single_image image=\u00bb537&#8243; qode_css_animation=\u00bb\u00bb el_class=\u00bbimage-rounded\u00bb][vc_column_text]<\/p>\n<h6><a href=\"https:\/\/globalsp.net\/es\/nuestros-servicios\/servicios-torneado-vertical\/\">SERVICIOS TORNEADO VERTICAL<\/a><\/h6>\n<p>[\/vc_column_text][\/vc_column][vc_column width=\u00bb1\/4&#8243;][vc_separator type=\u00bbnormal\u00bb transparency=\u00bb0&#8243; up=\u00bb10&#8243; down=\u00bb10&#8243;][vc_single_image image=\u00bb651&#8243; qode_css_animation=\u00bb\u00bb el_class=\u00bbimage-rounded\u00bb][vc_column_text]<\/p>\n<h6><a href=\"https:\/\/globalsp.net\/es\/nuestros-servicios\/servicios-roleadora-cnc\/\">SERVICIOS ROLEADORA CNC<\/a><\/h6>\n<p>[\/vc_column_text][\/vc_column][vc_column width=\u00bb1\/4&#8243;][vc_separator type=\u00bbnormal\u00bb transparency=\u00bb0&#8243; up=\u00bb10&#8243; down=\u00bb10&#8243;][vc_single_image image=\u00bb537&#8243; qode_css_animation=\u00bb\u00bb el_class=\u00bbimage-rounded\u00bb][vc_column_text]<\/p>\n<h6><a href=\"https:\/\/globalsp.net\/es\/nuestros-servicios\/servicios-torneado-portatil\/\">SERVICIOS TORNEADO PORT\u00c1TIL<\/a><\/h6>\n<p>[\/vc_column_text][\/vc_column][vc_column width=\u00bb1\/4&#8243;][vc_separator type=\u00bbnormal\u00bb transparency=\u00bb0&#8243; up=\u00bb10&#8243; down=\u00bb10&#8243;][vc_single_image image=\u00bb678&#8243; qode_css_animation=\u00bb\u00bb el_class=\u00bbimage-rounded\u00bb][vc_column_text]<\/p>\n<h6><a href=\"https:\/\/globalsp.net\/es\/nuestros-servicios\/servicios-expandido-refrentado\/\">SERVICIOS DE EXPANDIDO Y REFRENTADO<\/a><\/h6>\n<p>[\/vc_column_text][\/vc_column][\/vc_row][vc_row row_type=\u00bbrow\u00bb use_row_as_full_screen_section=\u00bbno\u00bb type=\u00bbgrid\u00bb angled_section=\u00bbno\u00bb text_align=\u00bbleft\u00bb background_image_as_pattern=\u00bbwithout_pattern\u00bb padding_bottom=\u00bb40&#8243; css_animation=\u00bb\u00bb css=\u00bb.vc_custom_1485883461720{background-color: #dd8500 !important;}\u00bb el_class=\u00bbimage-rounded service-bar\u00bb][vc_column width=\u00bb1\/4&#8243;][vc_separator type=\u00bbnormal\u00bb transparency=\u00bb0&#8243; up=\u00bb10&#8243; down=\u00bb10&#8243;][vc_single_image image=\u00bb682&#8243; qode_css_animation=\u00bb\u00bb el_class=\u00bbimage-rounded\u00bb][vc_column_text]<\/p>\n<h6><a href=\"https:\/\/globalsp.net\/es\/nuestros-servicios\/equipos-para-ensayo\/\">EQUIPOS PARA ENSAYO<\/a><\/h6>\n<p>[\/vc_column_text][\/vc_column][vc_column width=\u00bb1\/4&#8243;][vc_separator type=\u00bbnormal\u00bb transparency=\u00bb0&#8243; up=\u00bb10&#8243; down=\u00bb10&#8243;][vc_single_image image=\u00bb673&#8243; qode_css_animation=\u00bb\u00bb el_class=\u00bbimage-rounded\u00bb][vc_column_text]<\/p>\n<h6><a href=\"https:\/\/globalsp.net\/es\/nuestros-servicios\/fabricacion-y-ensamblaje\/\">FABRICACI\u00d3N Y ENSAMBLAJE<\/a><\/h6>\n<p>[\/vc_column_text][\/vc_column][vc_column width=\u00bb1\/4&#8243;][\/vc_column][vc_column width=\u00bb1\/4&#8243;][\/vc_column][\/vc_row]<\/p>\n","protected":false},"excerpt":{"rendered":"<p>[vc_row row_type=\u00bbrow\u00bb use_row_as_full_screen_section=\u00bbno\u00bb type=\u00bbgrid\u00bb anchor=\u00bbabout\u00bb angled_section=\u00bbno\u00bb text_align=\u00bbleft\u00bb background_image_as_pattern=\u00bbwithout_pattern\u00bb padding_top=\u00bb40&#8243; css_animation=\u00bb\u00bb][vc_column offset=\u00bbvc_col-lg-12 vc_col-md-12&#8243;][vc_column_text] Nuestros Servicios [\/vc_column_text][vc_empty_space height=\u00bb10px\u00bb][vc_column_text] Mantenimiento y Abastecimientos en las \u00e1reas contratadas [\/vc_column_text][\/vc_column][\/vc_row][vc_row row_type=\u00bbrow\u00bb use_row_as_full_screen_section=\u00bbno\u00bb type=\u00bbgrid\u00bb angled_section=\u00bbno\u00bb text_align=\u00bbleft\u00bb background_image_as_pattern=\u00bbwithout_pattern\u00bb row_negative_margin=\u00bbdisable_negative_margin\u00bb padding_top=\u00bb40&#8243; padding_bottom=\u00bb40&#8243; css_animation=\u00bb\u00bb el_class=\u00bblist-clean\u00bb][vc_column width=\u00bb1\/2&#8243;][vc_separator type=\u00bbnormal\u00bb transparency=\u00bb0&#8243; up=\u00bb10&#8243; down=\u00bb10&#8243;][vc_column_text] GLOBAL SUPPLY INC no especializamos&#8230;<\/p>\n","protected":false},"author":1,"featured_media":0,"parent":0,"menu_order":0,"comment_status":"closed","ping_status":"closed","template":"full_width.php","meta":{"footnotes":""},"_links":{"self":[{"href":"https:\/\/globalsp.net\/es\/wp-json\/wp\/v2\/pages\/223"}],"collection":[{"href":"https:\/\/globalsp.net\/es\/wp-json\/wp\/v2\/pages"}],"about":[{"href":"https:\/\/globalsp.net\/es\/wp-json\/wp\/v2\/types\/page"}],"author":[{"embeddable":true,"href":"https:\/\/globalsp.net\/es\/wp-json\/wp\/v2\/users\/1"}],"replies":[{"embeddable":true,"href":"https:\/\/globalsp.net\/es\/wp-json\/wp\/v2\/comments?post=223"}],"version-history":[{"count":37,"href":"https:\/\/globalsp.net\/es\/wp-json\/wp\/v2\/pages\/223\/revisions"}],"predecessor-version":[{"id":702,"href":"https:\/\/globalsp.net\/es\/wp-json\/wp\/v2\/pages\/223\/revisions\/702"}],"wp:attachment":[{"href":"https:\/\/globalsp.net\/es\/wp-json\/wp\/v2\/media?parent=223"}],"curies":[{"name":"wp","href":"https:\/\/api.w.org\/{rel}","templated":true}]}}