{"id":2,"date":"2016-12-05T17:50:39","date_gmt":"2016-12-05T17:50:39","guid":{"rendered":"http:\/\/globalsp.net\/site\/?page_id=2"},"modified":"2017-01-31T18:21:49","modified_gmt":"2017-01-31T18:21:49","slug":"politicas-de-calidad","status":"publish","type":"page","link":"https:\/\/globalsp.net\/es\/politicas-de-calidad\/","title":{"rendered":"Pol\u00edticas de Calidad"},"content":{"rendered":"<p>[vc_row row_type=\u00bbrow\u00bb use_row_as_full_screen_section=\u00bbno\u00bb type=\u00bbgrid\u00bb angled_section=\u00bbno\u00bb text_align=\u00bbleft\u00bb background_image_as_pattern=\u00bbwithout_pattern\u00bb padding_top=\u00bb40&#8243; css_animation=\u00bb\u00bb][vc_column][vc_column_text]<\/p>\n<h1>Pol\u00edticas de Calidad<\/h1>\n<p>[\/vc_column_text][vc_empty_space height=\u00bb40px\u00bb][\/vc_column][\/vc_row][vc_row row_type=\u00bbrow\u00bb use_row_as_full_screen_section=\u00bbno\u00bb type=\u00bbgrid\u00bb angled_section=\u00bbno\u00bb text_align=\u00bbleft\u00bb background_image_as_pattern=\u00bbwithout_pattern\u00bb background_color=\u00bb#f28200&#8243; padding_top=\u00bb40&#8243; padding_bottom=\u00bb40&#8243; css_animation=\u00bb\u00bb el_class=\u00bbflex\u00bb][vc_column width=\u00bb1\/2&#8243;][vc_column_text]<span style=\"font-size: 13pt; color: #ffffff;\">Para <strong>GLOBAL SUPPLY<\/strong> es primordial nuestro compromiso con todos nuestros clientes, proveedores, distribuidores y personal que permite el desarrollo de nuestra empresa.<\/span>[\/vc_column_text][\/vc_column][vc_column width=\u00bb1\/2&#8243;][vc_single_image image=\u00bb509&#8243; img_size=\u00bbfull\u00bb alignment=\u00bbcenter\u00bb style=\u00bbvc_box_shadow_3d\u00bb qode_css_animation=\u00bb\u00bb css=\u00bb.vc_custom_1485290991663{margin-top: 20px !important;}\u00bb][\/vc_column][\/vc_row][vc_row row_type=\u00bbrow\u00bb use_row_as_full_screen_section=\u00bbno\u00bb type=\u00bbgrid\u00bb angled_section=\u00bbno\u00bb text_align=\u00bbleft\u00bb background_image_as_pattern=\u00bbwithout_pattern\u00bb padding_top=\u00bb20&#8243; padding_bottom=\u00bb20&#8243; css_animation=\u00bb\u00bb][vc_column width=\u00bb1\/2&#8243;][vc_separator type=\u00bbnormal\u00bb transparency=\u00bb0&#8243; up=\u00bb20&#8243; down=\u00bb20&#8243;][vc_column_text]<\/p>\n<h3 style=\"text-align: center;\">Nuestra Pol\u00edtica de Calidad esta fundamentada en satisfacer los requerimientos de nuestros Clientes, prest\u00e1ndoles un servicio a la medida de sus exigencias, y aport\u00e1ndoles la soluci\u00f3n necesaria que garantice:<\/h3>\n<p>[\/vc_column_text][\/vc_column][vc_column width=\u00bb1\/2&#8243;][vc_column_text el_class=\u00bblist-clean\u00bb]<\/p>\n<ul>\n<li>A nuestros Clientes Calidad, Seguridad y Eficiencia<\/li>\n<li>Satisfacci\u00f3n plena y constantemente de los requisitos de procura de los m\u00e1s complejos proyectos<\/li>\n<li>Optimizaci\u00f3n de los tiempos de entrega en cualquier lugar<\/li>\n<li>La reducci\u00f3n y prevenci\u00f3n de las deficiencias en la calidad para as\u00ed contribuir a la mejora de los rendimientos, productividad y rentabilidad de los procesos, productos y servicios que ofrecemos, apegando a las los est\u00e1ndares de la norma de certificaci\u00f3n de fabricaci\u00f3n y mantenimiento<\/li>\n<\/ul>\n<p>[\/vc_column_text][\/vc_column][\/vc_row][vc_row row_type=\u00bbrow\u00bb use_row_as_full_screen_section=\u00bbno\u00bb type=\u00bbgrid\u00bb angled_section=\u00bbno\u00bb text_align=\u00bbleft\u00bb background_image_as_pattern=\u00bbwithout_pattern\u00bb css_animation=\u00bb\u00bb css=\u00bb.vc_custom_1481632806804{margin-top: 3.16% !important;margin-bottom: 3.16% !important;padding-top: 5% !important;padding-bottom: 5% !important;background-color: #1a1a1a !important;}\u00bb][vc_column][vc_column_text]<span style=\"color: #ffffff;\"><strong>GLOBAL SUPPLY<\/strong>\u00a0act\u00faa en sus proyectos como Contratista manteniendo el contacto directo con sus Clientes, para as\u00ed realizar los proyectos de manera exitosa. Nos involucramos en todo los referente a la Gerencia de Proyecto, desde su fase de Ingenier\u00eda, Procura, Ejecuci\u00f3n, Puesta en Marcha y Asesoramiento del uso al personal para la entrega del servicio o producto contratado.<\/span>[\/vc_column_text][\/vc_column][\/vc_row][vc_row row_type=\u00bbrow\u00bb use_row_as_full_screen_section=\u00bbno\u00bb type=\u00bbgrid\u00bb angled_section=\u00bbno\u00bb text_align=\u00bbleft\u00bb background_image_as_pattern=\u00bbwithout_pattern\u00bb padding_top=\u00bb20&#8243; padding_bottom=\u00bb60&#8243; css_animation=\u00bb\u00bb][vc_column width=\u00bb1\/2&#8243;][vc_column_text]<\/p>\n<h4><strong>Mantener un Crecimiento Sostenible en la prestaci\u00f3n del servicio de Procura con la constante revisi\u00f3n del Sistema de Gesti\u00f3n de Calidad.<\/strong><\/h4>\n<p>[\/vc_column_text][\/vc_column][vc_column width=\u00bb1\/2&#8243;][vc_column_text el_class=\u00bblist-clean\u00bb]<\/p>\n<h4><strong>Para GLOBAL SUPPLY es primordial nuestro compromiso con todos nuestros clientes, proveedores, distribuidores y personal que permite el desarrollo de nuestra empresa.<\/strong><\/h4>\n<p>[\/vc_column_text][\/vc_column][\/vc_row]<\/p>\n","protected":false},"excerpt":{"rendered":"<p>[vc_row row_type=\u00bbrow\u00bb use_row_as_full_screen_section=\u00bbno\u00bb type=\u00bbgrid\u00bb angled_section=\u00bbno\u00bb text_align=\u00bbleft\u00bb background_image_as_pattern=\u00bbwithout_pattern\u00bb padding_top=\u00bb40&#8243; css_animation=\u00bb\u00bb][vc_column][vc_column_text] Pol\u00edticas de Calidad [\/vc_column_text][vc_empty_space height=\u00bb40px\u00bb][\/vc_column][\/vc_row][vc_row row_type=\u00bbrow\u00bb use_row_as_full_screen_section=\u00bbno\u00bb type=\u00bbgrid\u00bb angled_section=\u00bbno\u00bb text_align=\u00bbleft\u00bb background_image_as_pattern=\u00bbwithout_pattern\u00bb background_color=\u00bb#f28200&#8243; padding_top=\u00bb40&#8243; padding_bottom=\u00bb40&#8243; css_animation=\u00bb\u00bb el_class=\u00bbflex\u00bb][vc_column width=\u00bb1\/2&#8243;][vc_column_text]Para GLOBAL SUPPLY es primordial nuestro compromiso con todos nuestros clientes, proveedores, distribuidores y personal que permite el desarrollo de&#8230;<\/p>\n","protected":false},"author":1,"featured_media":0,"parent":0,"menu_order":0,"comment_status":"closed","ping_status":"open","template":"full_width.php","meta":{"footnotes":""},"_links":{"self":[{"href":"https:\/\/globalsp.net\/es\/wp-json\/wp\/v2\/pages\/2"}],"collection":[{"href":"https:\/\/globalsp.net\/es\/wp-json\/wp\/v2\/pages"}],"about":[{"href":"https:\/\/globalsp.net\/es\/wp-json\/wp\/v2\/types\/page"}],"author":[{"embeddable":true,"href":"https:\/\/globalsp.net\/es\/wp-json\/wp\/v2\/users\/1"}],"replies":[{"embeddable":true,"href":"https:\/\/globalsp.net\/es\/wp-json\/wp\/v2\/comments?post=2"}],"version-history":[{"count":35,"href":"https:\/\/globalsp.net\/es\/wp-json\/wp\/v2\/pages\/2\/revisions"}],"predecessor-version":[{"id":647,"href":"https:\/\/globalsp.net\/es\/wp-json\/wp\/v2\/pages\/2\/revisions\/647"}],"wp:attachment":[{"href":"https:\/\/globalsp.net\/es\/wp-json\/wp\/v2\/media?parent=2"}],"curies":[{"name":"wp","href":"https:\/\/api.w.org\/{rel}","templated":true}]}}